{"id":2265,"date":"2017-06-09T11:59:33","date_gmt":"2017-06-09T11:59:33","guid":{"rendered":"https:\/\/demo.mekshq.com\/gridlove\/?page_id=2265"},"modified":"2021-03-27T02:02:13","modified_gmt":"2021-03-26T23:02:13","slug":"cover-layout-5-custom-content","status":"publish","type":"page","link":"https:\/\/cezasizliklamucadele.org\/","title":{"rendered":"ANASAYFA"},"content":{"rendered":"<div id=\"tdi_1_6e8\" class=\"tdc-row\"><div class=\"vc_row tdi_2_69f  wpb_row td-pb-row\" >\n<style scoped>\n\n\/* custom css *\/\n.tdi_2_69f,\r\n                .tdi_2_69f .tdc-columns{\r\n                    min-height: 0;\r\n                }.tdi_2_69f,\r\n\t\t\t\t.tdi_2_69f .tdc-columns{\r\n\t\t\t\t    display: block;\r\n\t\t\t\t}.tdi_2_69f .tdc-columns{\r\n\t\t\t\t    width: 100%;\r\n\t\t\t\t}\n<\/style><div class=\"vc_column tdi_4_ad6  wpb_column vc_column_container tdc-column td-pb-span12\">\n<style scoped>\n\n\/* custom css *\/\n.tdi_4_ad6{\r\n                    vertical-align: baseline;\r\n                }.tdi_4_ad6 > .wpb_wrapper,\r\n\t\t\t\t.tdi_4_ad6 > .wpb_wrapper > .tdc-elements{\r\n\t\t\t\t    display: block;\r\n\t\t\t\t}.tdi_4_ad6 > .wpb_wrapper > .tdc-elements{\r\n\t\t\t\t    width: 100%;\r\n\t\t\t\t}.tdi_4_ad6 > .wpb_wrapper{\r\n\t\t\t\t    width: auto;\r\n\t\t\t\t    height: auto;\r\n\t\t\t\t}\n<\/style><div class=\"wpb_wrapper\"><div class=\"td_block_wrap td_block_big_grid_fl_1 tdi_5_94d td-grid-style-1 td-hover-1 td-big-grids-fl td-pb-border-top td_block_template_1\"  data-td-block-uid=\"tdi_5_94d\" ><div id=tdi_5_94d class=\"td_block_inner\"><div class=\"td-big-grid-wrapper td-posts-1\">\r\n        <div class=\"td_module_mx18 td_module_wrap td-animation-stack td-big-grid-post-0 td-big-grid-post td-mx-28\">\r\n            <div class=\"td-module-image\">\r\n                <div class=\"td-module-thumb\"><a href=\"https:\/\/cezasizliklamucadele.org\/?p=2517\" rel=\"bookmark\" class=\"td-image-wrap \" title=\"CEZASIZLIKLA M\u00dcCADELE OKULU\" ><span class=\"entry-thumb td-thumb-css\" data-type=\"css_image\" data-img-url=\"https:\/\/cezasizliklamucadele.org\/wp-content\/uploads\/2021\/04\/cmg.jpeg\"  ><\/span><\/a><\/div>            <\/div>\r\n\r\n            <div class=\"td-meta-info-container\">\r\n                <div class=\"td-meta-align\">\r\n                    <div class=\"td-big-grid-meta\">\r\n                                                <h3 class=\"entry-title td-module-title\"><a href=\"https:\/\/cezasizliklamucadele.org\/?p=2517\" rel=\"bookmark\" title=\"CEZASIZLIKLA M\u00dcCADELE OKULU\">CEZASIZLIKLA M\u00dcCADELE OKULU<\/a><\/h3>                    <\/div>\r\n\r\n                    <div class=\"td-module-meta-info\">\r\n                        <span class=\"td-post-author-name\"><a href=\"https:\/\/cezasizliklamucadele.org\/?author=1\">Cezasizlikla M\u00fccadele G\u00fc\u00e7 Birli\u011fi<\/a> <span>-<\/span> <\/span>                        <span class=\"td-post-date\"><time class=\"entry-date updated td-module-date\" datetime=\"2021-04-15T05:59:37+03:00\" >15 Nisan 2021<\/time><\/span>                    <\/div>\r\n                <\/div>\r\n            <\/div>\r\n        <\/div>\r\n\r\n        <div class=\"clearfix\"><\/div><\/div><\/div><\/div> <!-- .\/block --><\/div><\/div><\/div><\/div><div id=\"tdi_6_ee6\" class=\"tdc-row\"><div class=\"vc_row tdi_7_6a4  wpb_row td-pb-row\" >\n<style scoped>\n\n\/* custom css *\/\n.tdi_7_6a4,\r\n                .tdi_7_6a4 .tdc-columns{\r\n                    min-height: 0;\r\n                }.tdi_7_6a4,\r\n\t\t\t\t.tdi_7_6a4 .tdc-columns{\r\n\t\t\t\t    display: block;\r\n\t\t\t\t}.tdi_7_6a4 .tdc-columns{\r\n\t\t\t\t    width: 100%;\r\n\t\t\t\t}\n<\/style><div class=\"vc_column tdi_9_99e  wpb_column vc_column_container tdc-column td-pb-span12\">\n<style scoped>\n\n\/* custom css *\/\n.tdi_9_99e{\r\n                    vertical-align: baseline;\r\n                }.tdi_9_99e > .wpb_wrapper,\r\n\t\t\t\t.tdi_9_99e > .wpb_wrapper > .tdc-elements{\r\n\t\t\t\t    display: block;\r\n\t\t\t\t}.tdi_9_99e > .wpb_wrapper > .tdc-elements{\r\n\t\t\t\t    width: 100%;\r\n\t\t\t\t}.tdi_9_99e > .wpb_wrapper{\r\n\t\t\t\t    width: auto;\r\n\t\t\t\t    height: auto;\r\n\t\t\t\t}\n<\/style><div class=\"wpb_wrapper\">[vc_column_text]\r\n<p style=\"text-align: center;\"><strong><a class=\"maxbutton-1 maxbutton maxbutton-aciklamalar\" href=\"https:\/\/cezasizliklamucadele.org\/portal\/category\/faliyetlerimiz\/aciklamalar\/\"><span class='mb-text'>A\u00c7IKLAMALAR<\/span><\/a> <a class=\"maxbutton-2 maxbutton maxbutton-etk-nl-kler\" href=\"https:\/\/cezasizliklamucadele.org\/portal\/category\/faliyetlerimiz\/konferans-panel-soylesi-sempozyum\/\"><span class='mb-text'>ETK\u0130NL\u0130KLER<\/span><\/a> <a class=\"maxbutton-3 maxbutton maxbutton-ara-tirmalar-raporlar\" href=\"https:\/\/cezasizliklamucadele.org\/portal\/category\/faliyetlerimiz\/arastirmalar\/\"><span class='mb-text'>ARA\u015eTIRMALAR RAPORLAR<\/span><\/a> <a class=\"maxbutton-4 maxbutton maxbutton-tak-p-ed-len-davalar\" href=\"https:\/\/cezasizliklamucadele.org\/portal\/category\/faliyetlerimiz\/takip-edilen-davalar\/\"><span class='mb-text'>TAK\u0130P ED\u0130LEN DAVALAR<\/span><\/a><\/strong><\/p>\r\n[\/vc_column_text]<\/div><\/div><\/div><\/div><div id=\"tdi_10_992\" class=\"tdc-row\"><div class=\"vc_row tdi_11_d9d  wpb_row td-pb-row\" >\n<style scoped>\n\n\/* custom css *\/\n.tdi_11_d9d,\r\n                .tdi_11_d9d .tdc-columns{\r\n                    min-height: 0;\r\n                }.tdi_11_d9d,\r\n\t\t\t\t.tdi_11_d9d .tdc-columns{\r\n\t\t\t\t    display: block;\r\n\t\t\t\t}.tdi_11_d9d .tdc-columns{\r\n\t\t\t\t    width: 100%;\r\n\t\t\t\t}\n<\/style><div class=\"vc_column tdi_13_9fd  wpb_column vc_column_container tdc-column td-pb-span4\">\n<style scoped>\n\n\/* custom css *\/\n.tdi_13_9fd{\r\n                    vertical-align: baseline;\r\n                }.tdi_13_9fd > .wpb_wrapper,\r\n\t\t\t\t.tdi_13_9fd > .wpb_wrapper > .tdc-elements{\r\n\t\t\t\t    display: block;\r\n\t\t\t\t}.tdi_13_9fd > .wpb_wrapper > .tdc-elements{\r\n\t\t\t\t    width: 100%;\r\n\t\t\t\t}.tdi_13_9fd > .wpb_wrapper{\r\n\t\t\t\t    width: auto;\r\n\t\t\t\t    height: auto;\r\n\t\t\t\t}\n<\/style><div class=\"wpb_wrapper\">[vc_column_text]<a class=\"twitter-timeline\" href=\"https:\/\/twitter.com\/cezasizlikla?ref_src=twsrc%5Etfw\" data-lang=\"tr\" data-width=\"450\" data-height=\"400\" data-dnt=\"true\">Tweets by cezasizlikla<\/a> <script async src=\"https:\/\/platform.twitter.com\/widgets.js\" charset=\"utf-8\"><\/script>[\/vc_column_text]<\/div><\/div><div class=\"vc_column vc_custom_1616799729227 tdi_15_fce  wpb_column vc_column_container tdc-column td-pb-span8\">\n<style scoped>\n\n\/* tdc_composer_block - inline css att *\/\n.vc_custom_1616799729227{background-color: #f4f4f4 !important;}\n\/* custom css *\/\n.tdi_15_fce{\r\n                    vertical-align: baseline;\r\n                }.tdi_15_fce > .wpb_wrapper,\r\n\t\t\t\t.tdi_15_fce > .wpb_wrapper > .tdc-elements{\r\n\t\t\t\t    display: block;\r\n\t\t\t\t}.tdi_15_fce > .wpb_wrapper > .tdc-elements{\r\n\t\t\t\t    width: 100%;\r\n\t\t\t\t}.tdi_15_fce > .wpb_wrapper{\r\n\t\t\t\t    width: auto;\r\n\t\t\t\t    height: auto;\r\n\t\t\t\t}\n<\/style><div class=\"wpb_wrapper\">[vc_text_separator title=&#8221;\u00dcYELER\u0130M\u0130Z&#8221; color=&#8221;black&#8221;][vc_gallery type=&#8221;image_grid&#8221; images=&#8221;2498,2499,2500,2501,2502,2503,2504,2505,2506,2507,2508,2509,2510&#8243; img_size=&#8221;125&#215;125&#8243; onclick=&#8221;&#8221; css_animation=&#8221;bounceIn&#8221;]<\/div><\/div><\/div><\/div>","protected":false},"excerpt":{"rendered":"CEZASIZLIKLA M\u00dcCADELE OKULU Cezasizlikla M\u00fccadele G\u00fc\u00e7 Birli\u011fi - 15 Nisan 2021 [vc_column_text] A\u00c7IKLAMALAR ETK\u0130NL\u0130KLER ARA\u015eTIRMALAR RAPORLAR TAK\u0130P ED\u0130LEN DAVALAR [\/vc_column_text] [vc_column_text]Tweets by cezasizlikla [\/vc_column_text] [vc_text_separator title=\"\u00dcYELER\u0130M\u0130Z\" color=\"black\"][vc_gallery type=\"image_grid\" images=\"2498,2499,2500,2501,2502,2503,2504,2505,2506,2507,2508,2509,2510\" img_size=\"125x125\" onclick=\"\" css_animation=\"bounceIn\"]","protected":false},"author":1,"featured_media":0,"parent":0,"menu_order":0,"comment_status":"closed","ping_status":"closed","template":"","meta":[],"_links":{"self":[{"href":"https:\/\/cezasizliklamucadele.org\/index.php?rest_route=\/wp\/v2\/pages\/2265"}],"collection":[{"href":"https:\/\/cezasizliklamucadele.org\/index.php?rest_route=\/wp\/v2\/pages"}],"about":[{"href":"https:\/\/cezasizliklamucadele.org\/index.php?rest_route=\/wp\/v2\/types\/page"}],"author":[{"embeddable":true,"href":"https:\/\/cezasizliklamucadele.org\/index.php?rest_route=\/wp\/v2\/users\/1"}],"replies":[{"embeddable":true,"href":"https:\/\/cezasizliklamucadele.org\/index.php?rest_route=%2Fwp%2Fv2%2Fcomments&post=2265"}],"version-history":[{"count":21,"href":"https:\/\/cezasizliklamucadele.org\/index.php?rest_route=\/wp\/v2\/pages\/2265\/revisions"}],"predecessor-version":[{"id":2515,"href":"https:\/\/cezasizliklamucadele.org\/index.php?rest_route=\/wp\/v2\/pages\/2265\/revisions\/2515"}],"wp:attachment":[{"href":"https:\/\/cezasizliklamucadele.org\/index.php?rest_route=%2Fwp%2Fv2%2Fmedia&parent=2265"}],"curies":[{"name":"wp","href":"https:\/\/api.w.org\/{rel}","templated":true}]}}